{"id":80,"date":"2020-08-10T21:41:08","date_gmt":"2020-08-10T19:41:08","guid":{"rendered":"http:\/\/lesbaladesdetherese.com\/blog\/?page_id=80"},"modified":"2021-01-16T12:24:27","modified_gmt":"2021-01-16T11:24:27","slug":"qui-suis-je","status":"publish","type":"page","link":"http:\/\/lesbaladesdetherese.com\/blog\/qui-suis-je\/","title":{"rendered":"Qui suis-je ?"},"content":{"rendered":"\n<p>Guide de pays \u00e0 la retraite depuis 2017, je continue \u00e0 parcourir les sentiers et les villages de notre belle r\u00e9gion. Ce site me permettra de vous en faire profiter un peu\u2026<\/p>\n","protected":false},"excerpt":{"rendered":"<p>Guide de pays \u00e0 la retraite depuis 2017, je continue \u00e0 parcourir les sentiers et les villages de notre belle r\u00e9gion. Ce site me permettra de vous en [&hellip;]<\/p>\n","protected":false},"author":1,"featured_media":0,"parent":0,"menu_order":0,"comment_status":"closed","ping_status":"closed","template":"","meta":[],"_links":{"self":[{"href":"http:\/\/lesbaladesdetherese.com\/blog\/wp-json\/wp\/v2\/pages\/80"}],"collection":[{"href":"http:\/\/lesbaladesdetherese.com\/blog\/wp-json\/wp\/v2\/pages"}],"about":[{"href":"http:\/\/lesbaladesdetherese.com\/blog\/wp-json\/wp\/v2\/types\/page"}],"author":[{"embeddable":true,"href":"http:\/\/lesbaladesdetherese.com\/blog\/wp-json\/wp\/v2\/users\/1"}],"replies":[{"embeddable":true,"href":"http:\/\/lesbaladesdetherese.com\/blog\/wp-json\/wp\/v2\/comments?post=80"}],"version-history":[{"count":2,"href":"http:\/\/lesbaladesdetherese.com\/blog\/wp-json\/wp\/v2\/pages\/80\/revisions"}],"predecessor-version":[{"id":273,"href":"http:\/\/lesbaladesdetherese.com\/blog\/wp-json\/wp\/v2\/pages\/80\/revisions\/273"}],"wp:attachment":[{"href":"http:\/\/lesbaladesdetherese.com\/blog\/wp-json\/wp\/v2\/media?parent=80"}],"curies":[{"name":"wp","href":"https:\/\/api.w.org\/{rel}","templated":true}]}}